{"id":4381,"date":"2024-01-24T20:00:19","date_gmt":"2024-01-24T19:00:19","guid":{"rendered":"https:\/\/sparun.cz\/?page_id=4381"},"modified":"2024-01-24T20:32:07","modified_gmt":"2024-01-24T19:32:07","slug":"pravidla","status":"publish","type":"page","link":"https:\/\/sparun.cz\/de\/pravidla\/","title":{"rendered":"Regeln"},"content":{"rendered":"<div data-elementor-type=\"wp-page\" data-elementor-id=\"4381\" class=\"elementor elementor-4381\" data-elementor-settings=\"[]\">\n\t\t\t<div class=\"elementor-inner\">\n\t\t\t\t<div class=\"elementor-section-wrap\">\n\t\t\t\t\t\t\t<section data-particle_enable=\"false\" class=\"elementor-element elementor-element-f9ee52d elementor-section-boxed elementor-section-height-default elementor-section-height-default elementor-section elementor-top-section\" data-id=\"f9ee52d\" data-element_type=\"section\" data-settings=\"{&quot;background_background&quot;:&quot;classic&quot;}\">\n\t\t\t\t\t\t\t<div class=\"elementor-background-overlay\"><\/div>\n\t\t\t\t\t\t\t<div class=\"elementor-container elementor-column-gap-no\">\n\t\t\t\t<div class=\"elementor-row\">\n\t\t\t\t<div class=\"elementor-element elementor-element-abc0e82 elementor-column elementor-col-100 elementor-top-column\" data-id=\"abc0e82\" data-element_type=\"column\">\n\t\t\t<div class=\"elementor-column-wrap  elementor-element-populated\">\n\t\t\t\t\t<div class=\"elementor-widget-wrap\">\n\t\t\t\t<div class=\"elementor-element elementor-element-993ebba elementor-widget elementor-widget-heading\" data-id=\"993ebba\" data-element_type=\"widget\" data-widget_type=\"heading.default\">\n\t\t\t\t<div class=\"elementor-widget-container\">\n\t\t\t<h2 class=\"elementor-heading-title elementor-size-default\">Regeln und allgemeine Informationen<\/h2>\t\t<\/div>\n\t\t\t\t<\/div>\n\t\t\t\t<div class=\"elementor-element elementor-element-766ca8b elementor-widget elementor-widget-divider\" data-id=\"766ca8b\" data-element_type=\"widget\" data-widget_type=\"divider.default\">\n\t\t\t\t<div class=\"elementor-widget-container\">\n\t\t\t\t\t<div class=\"elementor-divider\">\n\t\t\t<span class=\"elementor-divider-separator\">\n\t\t\t\t\t\t<\/span>\n\t\t<\/div>\n\t\t\t\t<\/div>\n\t\t\t\t<\/div>\n\t\t\t\t<div class=\"elementor-element elementor-element-d612e0d elementor-widget elementor-widget-text-editor\" data-id=\"d612e0d\" data-element_type=\"widget\" data-widget_type=\"text-editor.default\">\n\t\t\t\t<div class=\"elementor-widget-container\">\n\t\t\t\t\t<div class=\"elementor-text-editor elementor-clearfix\"><p><strong>Allgemeines:<\/strong><br \/>Jeder Teilnehmer erkl\u00e4rt, dass er\/sie freiwillig teilnimmt. Der Veranstalter beh\u00e4lt sich das Recht vor, \u00c4nderungen und Fehler im Programm und im Reglement vorzunehmen. Nur ordnungsgem\u00e4\u00df angemeldete L\u00e4ufer, die die Startnummer des Rennens gut sichtbar auf der Brust tragen, d\u00fcrfen an dem Rennen teilnehmen. Die \u00f6rtlichen Vorschriften f\u00fcr die Wettk\u00e4mpfe werden vom Internationalen Leichtathletikverband (IAAF) und dem Tschechischen Leichtathletikverband (CAS) \u00fcbernommen. Die Teilnahme am Wettkampf erfolgt auf eigene Gefahr. Es liegt in der pers\u00f6nlichen Verantwortung der L\u00e4uferinnen und L\u00e4ufer, \u00fcber ihre k\u00f6rperliche Fitness und ihre F\u00e4higkeit, die volle Distanz zu laufen, zu entscheiden. Der Lauf findet unabh\u00e4ngig von den Wetterbedingungen statt.<br \/>Der Veranstalter haftet nicht f\u00fcr Personen-, Sach- oder sonstige Sch\u00e4den, die im Zusammenhang mit der Teilnahme am Rennen oder der Beobachtung des Rennens entstehen. Jeder Teilnehmer ist verpflichtet, f\u00fcr die Dauer des Rennens eine Krankenversicherung f\u00fcr den Fall einer Notfallbehandlung oder eines Krankenhausaufenthalts abzuschlie\u00dfen. Alle w\u00e4hrend des Rennens aufgenommenen Fotos und Videoaufnahmen d\u00fcrfen vom Veranstalter ohne Verg\u00fctung f\u00fcr die Eigenwerbung verwendet werden. Der Teilnehmer erkl\u00e4rt sich mit der Ver\u00f6ffentlichung der Ergebnisse in der Ergebnisliste einverstanden. Keine der Entscheidungen des Veranstalters kann gerichtlich \u00fcberpr\u00fcft werden. <br \/>Der Teilnehmer ist verpflichtet, die beh\u00f6rdlichen Vorschriften zum COVID-19 einzuhalten. Bei Nichteinhaltung ist der Veranstalter berechtigt, dem Teilnehmer die Teilnahme am Rennen zu verweigern oder ihn vom Rennen auszuschlie\u00dfen.<\/p><p><strong>Anmeldung:<\/strong><br \/>Die Anmeldung ist erst g\u00fcltig, wenn sie in der am Tag der Zahlung g\u00fcltigen H\u00f6he auf dem Konto des Veranstalters gutgeschrieben oder in bar bezahlt wurde. Die vom Teilnehmer in der Bestellung best\u00e4tigte Anmeldegeb\u00fchr ist endg\u00fcltig, nicht erstattungsf\u00e4hig und kann nicht auf eine andere Person oder Veranstaltung \u00fcbertragen werden.<\/p><p><strong>Rennen:<\/strong><br \/>Jeder Teilnehmer muss den Anweisungen der Organisatoren, Freiwilligen und Kampfrichter Folge leisten, auch wenn er aufgefordert wird, die Strecke zu verlassen und nicht weiterzulaufen. Ein Versto\u00df gegen eine oder mehrere der oben genannten Regeln (insbesondere die Manipulation von Startnummern) oder gegen die IAAF\/CAS-Regeln kann zur Disqualifikation von der Veranstaltung und zur Streichung aus der Ergebnisliste ohne Entsch\u00e4digung f\u00fchren. Jeder Teilnehmer ist verpflichtet, die wichtigen Informationen und Anweisungen, die der Veranstalter vor der Veranstaltung auf seiner Website ver\u00f6ffentlicht, zu lesen und zu beachten. Es ist strengstens untersagt, auf der gesamten Strecke Schlittschuhe, Fahrr\u00e4der oder andere Transportmittel zu benutzen und die Strecke in irgendeiner Weise abzuk\u00fcrzen. Jeder Teilnehmer ist verpflichtet, auf der R\u00fcckseite der Startnummer seine Kontaktdaten, die eingenommenen Medikamente und eventuelle Allergien zu vermerken. Die Preise f\u00fcr die Gewinner werden f\u00fcr jedes Rennen gesondert festgelegt und auf der Website des Veranstalters ver\u00f6ffentlicht. Die Preise sind nicht einklagbar.<\/p><p><strong>Zeitliche Begrenzung:<\/strong><br \/>Das Zeitlimit f\u00fcr den 6,4 km langen Lauf betr\u00e4gt 60 Minuten.<\/p><p><strong>Zeitmessung und Ergebnisse:<\/strong><br \/>Es ist strengstens untersagt, die Startnummer in irgendeiner Weise zu manipulieren. Die Startnummer muss w\u00e4hrend des gesamten Rennens gut sichtbar auf der Brust getragen werden. Es ist verboten, sie in irgendeiner Weise zu \u00fcberdecken. Die Regelm\u00e4\u00dfigkeit des Rennens wird von den TIME-Schiedsrichtern \u00fcberwacht. Die Startnummer ist nicht \u00fcbertragbar. Zuwiderhandlung f\u00fchrt zur Disqualifikation.<\/p><\/div>\n\t\t\t\t<\/div>\n\t\t\t\t<\/div>\n\t\t\t\t\t\t<\/div>\n\t\t\t<\/div>\n\t\t<\/div>\n\t\t\t\t\t\t<\/div>\n\t\t\t<\/div>\n\t\t<\/section>\n\t\t\t\t\t\t<\/div>\n\t\t\t<\/div>\n\t\t<\/div>","protected":false},"excerpt":{"rendered":"<p>Regeln und allgemeine Informationen Allgemeines: Jeder Teilnehmer erkl\u00e4rt, dass seine Teilnahme freiwillig ist. Der Veranstalter beh\u00e4lt sich das Recht vor, \u00c4nderungen und Irrt\u00fcmer im Programm und im Reglement vorzunehmen. An den L\u00e4ufen d\u00fcrfen nur ordnungsgem\u00e4\u00df angemeldete L\u00e4uferinnen und L\u00e4ufer teilnehmen, die die Startnummer des Laufes gut sichtbar auf der Brust tragen. Die \u00f6rtlichen Bestimmungen f\u00fcr die L\u00e4ufe werden vom Internationalen Leichtathletik-Verband (IAAF) \u00fcbernommen [...]<\/p>","protected":false},"author":2,"featured_media":0,"parent":0,"menu_order":0,"comment_status":"closed","ping_status":"closed","template":"","meta":{"footnotes":""},"_links":{"self":[{"href":"https:\/\/sparun.cz\/de\/wp-json\/wp\/v2\/pages\/4381"}],"collection":[{"href":"https:\/\/sparun.cz\/de\/wp-json\/wp\/v2\/pages"}],"about":[{"href":"https:\/\/sparun.cz\/de\/wp-json\/wp\/v2\/types\/page"}],"author":[{"embeddable":true,"href":"https:\/\/sparun.cz\/de\/wp-json\/wp\/v2\/users\/2"}],"replies":[{"embeddable":true,"href":"https:\/\/sparun.cz\/de\/wp-json\/wp\/v2\/comments?post=4381"}],"version-history":[{"count":2,"href":"https:\/\/sparun.cz\/de\/wp-json\/wp\/v2\/pages\/4381\/revisions"}],"predecessor-version":[{"id":4434,"href":"https:\/\/sparun.cz\/de\/wp-json\/wp\/v2\/pages\/4381\/revisions\/4434"}],"wp:attachment":[{"href":"https:\/\/sparun.cz\/de\/wp-json\/wp\/v2\/media?parent=4381"}],"curies":[{"name":"wp","href":"https:\/\/api.w.org\/{rel}","templated":true}]}}