{"id":4498,"date":"2024-02-14T08:24:33","date_gmt":"2024-02-14T07:24:33","guid":{"rendered":"https:\/\/sparun.cz\/?page_id=4498"},"modified":"2024-06-28T13:20:27","modified_gmt":"2024-06-28T11:20:27","slug":"ovl-cup","status":"publish","type":"page","link":"https:\/\/sparun.cz\/de\/ovl-cup\/","title":{"rendered":"OVL CUP"},"content":{"rendered":"<div data-elementor-type=\"wp-page\" data-elementor-id=\"4498\" class=\"elementor elementor-4498\" data-elementor-settings=\"[]\">\n\t\t\t<div class=\"elementor-inner\">\n\t\t\t\t<div class=\"elementor-section-wrap\">\n\t\t\t\t\t\t\t<section data-particle_enable=\"false\" class=\"elementor-element elementor-element-f9ee52d elementor-section-boxed elementor-section-height-default elementor-section-height-default elementor-section elementor-top-section\" data-id=\"f9ee52d\" data-element_type=\"section\" data-settings=\"{&quot;background_background&quot;:&quot;classic&quot;}\">\n\t\t\t\t\t\t\t<div class=\"elementor-background-overlay\"><\/div>\n\t\t\t\t\t\t\t<div class=\"elementor-container elementor-column-gap-no\">\n\t\t\t\t<div class=\"elementor-row\">\n\t\t\t\t<div class=\"elementor-element elementor-element-abc0e82 elementor-column elementor-col-100 elementor-top-column\" data-id=\"abc0e82\" data-element_type=\"column\">\n\t\t\t<div class=\"elementor-column-wrap  elementor-element-populated\">\n\t\t\t\t\t<div class=\"elementor-widget-wrap\">\n\t\t\t\t<div class=\"elementor-element elementor-element-993ebba elementor-widget elementor-widget-heading\" data-id=\"993ebba\" data-element_type=\"widget\" data-widget_type=\"heading.default\">\n\t\t\t\t<div class=\"elementor-widget-container\">\n\t\t\t<h2 class=\"elementor-heading-title elementor-size-default\">OVL CUP 2024\n<\/h2>\t\t<\/div>\n\t\t\t\t<\/div>\n\t\t\t\t<div class=\"elementor-element elementor-element-766ca8b elementor-widget elementor-widget-divider\" data-id=\"766ca8b\" data-element_type=\"widget\" data-widget_type=\"divider.default\">\n\t\t\t\t<div class=\"elementor-widget-container\">\n\t\t\t\t\t<div class=\"elementor-divider\">\n\t\t\t<span class=\"elementor-divider-separator\">\n\t\t\t\t\t\t<\/span>\n\t\t<\/div>\n\t\t\t\t<\/div>\n\t\t\t\t<\/div>\n\t\t\t\t<div class=\"elementor-element elementor-element-d612e0d elementor-widget elementor-widget-text-editor\" data-id=\"d612e0d\" data-element_type=\"widget\" data-widget_type=\"text-editor.default\">\n\t\t\t\t<div class=\"elementor-widget-container\">\n\t\t\t\t\t<div class=\"elementor-text-editor elementor-clearfix\"><p class=\"font_4 wixui-rich-text__text\"><span class=\"wixui-rich-text__text\"><span class=\"color_19 wixui-rich-text__text\">Der OVL-Cup, vollst\u00e4ndig bekannt als Oberf\u00e4lzer Volkslauf-Cup, ist eine seit 1993 ausgetragene Rennserie. Urspr\u00fcnglich umfasste sie 6 L\u00e4ufe in der Region Oberpfalz in Bayern, Deutschland.<\/span><\/span><br class=\"wixui-rich-text__text\" \/>\u00a0<br class=\"wixui-rich-text__text\" \/><span class=\"wixui-rich-text__text\"><span class=\"color_19 wixui-rich-text__text\">Die L\u00e4uferinnen und L\u00e4ufer sammeln in den einzelnen Rennen Punkte f\u00fcr ihre Platzierung, die ihre Platzierung in der Gesamtwertung sichern. Der Gesamtsieger des Cups f\u00fcr jede Altersklasse wird dann bei der Abschlussveranstaltung bekannt gegeben.<\/span><\/span><br class=\"wixui-rich-text__text\" \/><br class=\"wixui-rich-text__text\" \/><span class=\"wixui-rich-text__text\"><span class=\"color_19 wixui-rich-text__text\">Seit 2019 ist auch der SpaRun in Mari\u00e1nsk\u00e9 L\u00e1zn\u011b Teil des Cups. Nach einer zweij\u00e4hrigen Unterbrechung aufgrund von Covid-19 wurde der Cup 2022 wieder aufgenommen.<\/span><\/span><br class=\"wixui-rich-text__text\" \/><span class=\"wixui-rich-text__text\"><span class=\"color_19 wixui-rich-text__text\">Weitere Informationen sind auf der offiziellen Website des Cups zu finden\u00a0<a class=\"wixui-rich-text__text\" href=\"https:\/\/www.ovlcup.de\/\" target=\"_blank\" rel=\"noreferrer noopener\">www.ovlcup.de<\/a>.<\/span><\/span><br class=\"wixui-rich-text__text\" \/>\u00a0<br class=\"wixui-rich-text__text\" \/><span class=\"wixui-rich-text__text\"><span class=\"color_19 wixui-rich-text__text\">Cup-Regeln\u00a0<a class=\"wixui-rich-text__text\" href=\"https:\/\/60cbfb15-3366-4bc4-bb7b-2da73a6a2abd.filesusr.com\/ugd\/36aeb2_c77119632fa440c7ab2be9054cc03017.pdf\" target=\"_blank\" rel=\"noopener\">HIER<\/a><\/span><\/span><br class=\"wixui-rich-text__text\" \/><a href=\"https:\/\/sparun.cz\/wp-content\/uploads\/2024\/06\/OVL2024.pdf\" target=\"_blank\" rel=\"noopener\"><span class=\"wixui-rich-text__text\"><span class=\"color_19 wixui-rich-text__text\">OVL-Cup Brosch\u00fcre<\/span><\/span><\/a><br class=\"wixui-rich-text__text\" \/><span class=\"wixui-rich-text__text\">\u200b<\/span><br class=\"wixui-rich-text__text\" \/>Wernberg -19,4.<br \/>Flossennb\u00fcrg - 1.5.<br \/>Friedenfels - 10.5.<br \/>Pleystein - 8.6.<br \/>Mitterteich - 15.6.<br \/>Sch\u00f6nsee - 29.6.<br \/>Gleiritsch - 7.7.<br \/>Marianske Lazne - 13.7.<br \/>Pl\u00f6\u00dfberg - 20.7.<\/p><\/div>\n\t\t\t\t<\/div>\n\t\t\t\t<\/div>\n\t\t\t\t\t\t<\/div>\n\t\t\t<\/div>\n\t\t<\/div>\n\t\t\t\t\t\t<\/div>\n\t\t\t<\/div>\n\t\t<\/section>\n\t\t\t\t\t\t<\/div>\n\t\t\t<\/div>\n\t\t<\/div>","protected":false},"excerpt":{"rendered":"<p>OVL CUP 2024 OVL Cup, der vollst\u00e4ndige Name des Oberf\u00e4lzer Volkslauf Cups, ist eine Rennserie, die seit 1993 durchgef\u00fchrt wird. Urspr\u00fcnglich umfasste sie 6 L\u00e4ufe in der Oberpfalz in Bayern, Deutschland. Die L\u00e4uferinnen und L\u00e4ufer sammeln in jedem Rennen Punkte f\u00fcr ihre Platzierungen, die ihre Platzierung im Gesamtcup sichern. Diese wird dann bei der Abschlussveranstaltung f\u00fcr [...]<\/p>","protected":false},"author":2,"featured_media":0,"parent":0,"menu_order":0,"comment_status":"closed","ping_status":"closed","template":"","meta":{"footnotes":""},"_links":{"self":[{"href":"https:\/\/sparun.cz\/de\/wp-json\/wp\/v2\/pages\/4498"}],"collection":[{"href":"https:\/\/sparun.cz\/de\/wp-json\/wp\/v2\/pages"}],"about":[{"href":"https:\/\/sparun.cz\/de\/wp-json\/wp\/v2\/types\/page"}],"author":[{"embeddable":true,"href":"https:\/\/sparun.cz\/de\/wp-json\/wp\/v2\/users\/2"}],"replies":[{"embeddable":true,"href":"https:\/\/sparun.cz\/de\/wp-json\/wp\/v2\/comments?post=4498"}],"version-history":[{"count":5,"href":"https:\/\/sparun.cz\/de\/wp-json\/wp\/v2\/pages\/4498\/revisions"}],"predecessor-version":[{"id":4507,"href":"https:\/\/sparun.cz\/de\/wp-json\/wp\/v2\/pages\/4498\/revisions\/4507"}],"wp:attachment":[{"href":"https:\/\/sparun.cz\/de\/wp-json\/wp\/v2\/media?parent=4498"}],"curies":[{"name":"wp","href":"https:\/\/api.w.org\/{rel}","templated":true}]}}