{"id":780,"date":"2019-08-04T19:16:07","date_gmt":"2019-08-04T17:16:07","guid":{"rendered":"https:\/\/sparun.cz\/?page_id=780"},"modified":"2024-06-28T13:22:52","modified_gmt":"2024-06-28T11:22:52","slug":"registrace","status":"publish","type":"page","link":"https:\/\/sparun.cz\/de\/registrace\/","title":{"rendered":"Anmeldung"},"content":{"rendered":"<div data-elementor-type=\"wp-page\" data-elementor-id=\"780\" class=\"elementor elementor-780\" data-elementor-settings=\"[]\">\n\t\t\t<div class=\"elementor-inner\">\n\t\t\t\t<div class=\"elementor-section-wrap\">\n\t\t\t\t\t\t\t<section data-particle_enable=\"false\" class=\"elementor-element elementor-element-f9ee52d elementor-section-boxed elementor-section-height-default elementor-section-height-default elementor-section elementor-top-section\" data-id=\"f9ee52d\" data-element_type=\"section\" data-settings=\"{&quot;background_background&quot;:&quot;classic&quot;}\">\n\t\t\t\t\t\t\t<div class=\"elementor-background-overlay\"><\/div>\n\t\t\t\t\t\t\t<div class=\"elementor-container elementor-column-gap-no\">\n\t\t\t\t<div class=\"elementor-row\">\n\t\t\t\t<div class=\"elementor-element elementor-element-abc0e82 elementor-column elementor-col-100 elementor-top-column\" data-id=\"abc0e82\" data-element_type=\"column\">\n\t\t\t<div class=\"elementor-column-wrap  elementor-element-populated\">\n\t\t\t\t\t<div class=\"elementor-widget-wrap\">\n\t\t\t\t<div class=\"elementor-element elementor-element-993ebba elementor-widget elementor-widget-heading\" data-id=\"993ebba\" data-element_type=\"widget\" data-widget_type=\"heading.default\">\n\t\t\t\t<div class=\"elementor-widget-container\">\n\t\t\t<h2 class=\"elementor-heading-title elementor-size-default\">Anmeldung<\/h2>\t\t<\/div>\n\t\t\t\t<\/div>\n\t\t\t\t<div class=\"elementor-element elementor-element-766ca8b elementor-widget elementor-widget-divider\" data-id=\"766ca8b\" data-element_type=\"widget\" data-widget_type=\"divider.default\">\n\t\t\t\t<div class=\"elementor-widget-container\">\n\t\t\t\t\t<div class=\"elementor-divider\">\n\t\t\t<span class=\"elementor-divider-separator\">\n\t\t\t\t\t\t<\/span>\n\t\t<\/div>\n\t\t\t\t<\/div>\n\t\t\t\t<\/div>\n\t\t\t\t<div class=\"elementor-element elementor-element-12d4e48 elementor-widget elementor-widget-text-editor\" data-id=\"12d4e48\" data-element_type=\"widget\" data-widget_type=\"text-editor.default\">\n\t\t\t\t<div class=\"elementor-widget-container\">\n\t\t\t\t\t<div class=\"elementor-text-editor elementor-clearfix\"><h4 class=\"font_4 wixui-rich-text__text\"><span class=\"wixui-rich-text__text\"><a class=\"wixui-rich-text__text\" href=\"https:\/\/sokotime.cz\/zavod-240713\" target=\"_blank\" rel=\"noreferrer noopener\">Online-Anmeldung<\/a><\/span><\/h4>\n<h4 class=\"font_4 wixui-rich-text__text\"><span class=\"wixui-rich-text__text\"><a class=\"wixui-rich-text__text\" href=\"https:\/\/sokotime.cz\/zavod-240713\" target=\"_blank\" rel=\"noreferrer noopener\">Liste starten<\/a><\/span><\/h4>\n<p>Eintrittspreis f\u00fcr Erwachsene:<br>150,- CZK bei Online-Anmeldung und -Zahlung - Frist 11.7.2024,<br>250,- CZK vor Ort.<\/p>\n<p>Eintrittspreis Kinder:<br>KOSTENLOS bei Online-Anmeldung - Frist 11.7.2024,<br>100,- CZK vor Ort.<\/p>\n<p>Die Anmeldung vor Ort ist am Tag des Rennens bis 11:00 Uhr f\u00fcr den Hauptlauf und bis 10:15 Uhr f\u00fcr den Kinderlauf m\u00f6glich. Es wird empfohlen, fr\u00fchzeitig zu kommen, um das Anstehen zu vermeiden.<\/p><\/div>\n\t\t\t\t<\/div>\n\t\t\t\t<\/div>\n\t\t\t\t\t\t<\/div>\n\t\t\t<\/div>\n\t\t<\/div>\n\t\t\t\t\t\t<\/div>\n\t\t\t<\/div>\n\t\t<\/section>\n\t\t\t\t\t\t<\/div>\n\t\t\t<\/div>\n\t\t<\/div>","protected":false},"excerpt":{"rendered":"<p>Anmeldung Online anmelden Startliste Startgeb\u00fchr Erwachsene:150,- CZK bei Online-Anmeldung und Bezahlung - Stichtag 11.7.2024,250,- CZK vor Ort. Startgeld Kinder: KOSTENLOS bei Online-Anmeldung - Anmeldeschluss 11.7.2024, 100,- CZK vor Ort. Die Anmeldung vor Ort ist am Tag des Rennens bis 11:00 Uhr f\u00fcr den Hauptlauf und bis 10:15 Uhr f\u00fcr den Kinderlauf m\u00f6glich. Wir empfehlen, p\u00fcnktlich zu erscheinen und [...]<\/p>","protected":false},"author":1,"featured_media":0,"parent":0,"menu_order":0,"comment_status":"closed","ping_status":"closed","template":"","meta":{"footnotes":""},"_links":{"self":[{"href":"https:\/\/sparun.cz\/de\/wp-json\/wp\/v2\/pages\/780"}],"collection":[{"href":"https:\/\/sparun.cz\/de\/wp-json\/wp\/v2\/pages"}],"about":[{"href":"https:\/\/sparun.cz\/de\/wp-json\/wp\/v2\/types\/page"}],"author":[{"embeddable":true,"href":"https:\/\/sparun.cz\/de\/wp-json\/wp\/v2\/users\/1"}],"replies":[{"embeddable":true,"href":"https:\/\/sparun.cz\/de\/wp-json\/wp\/v2\/comments?post=780"}],"version-history":[{"count":82,"href":"https:\/\/sparun.cz\/de\/wp-json\/wp\/v2\/pages\/780\/revisions"}],"predecessor-version":[{"id":4508,"href":"https:\/\/sparun.cz\/de\/wp-json\/wp\/v2\/pages\/780\/revisions\/4508"}],"wp:attachment":[{"href":"https:\/\/sparun.cz\/de\/wp-json\/wp\/v2\/media?parent=780"}],"curies":[{"name":"wp","href":"https:\/\/api.w.org\/{rel}","templated":true}]}}