{"id":4372,"date":"2024-01-24T19:49:41","date_gmt":"2024-01-24T18:49:41","guid":{"rendered":"https:\/\/sparun.cz\/?page_id=4372"},"modified":"2024-01-24T20:27:56","modified_gmt":"2024-01-24T19:27:56","slug":"foto","status":"publish","type":"page","link":"https:\/\/sparun.cz\/en\/foto\/","title":{"rendered":"Photo"},"content":{"rendered":"<div data-elementor-type=\"wp-page\" data-elementor-id=\"4372\" class=\"elementor elementor-4372\" data-elementor-settings=\"[]\">\n\t\t\t<div class=\"elementor-inner\">\n\t\t\t\t<div class=\"elementor-section-wrap\">\n\t\t\t\t\t\t\t<section data-particle_enable=\"false\" class=\"elementor-element elementor-element-f9ee52d elementor-section-boxed elementor-section-height-default elementor-section-height-default elementor-section elementor-top-section\" data-id=\"f9ee52d\" data-element_type=\"section\" data-settings=\"{&quot;background_background&quot;:&quot;classic&quot;}\">\n\t\t\t\t\t\t\t<div class=\"elementor-background-overlay\"><\/div>\n\t\t\t\t\t\t\t<div class=\"elementor-container elementor-column-gap-no\">\n\t\t\t\t<div class=\"elementor-row\">\n\t\t\t\t<div class=\"elementor-element elementor-element-abc0e82 elementor-column elementor-col-100 elementor-top-column\" data-id=\"abc0e82\" data-element_type=\"column\">\n\t\t\t<div class=\"elementor-column-wrap  elementor-element-populated\">\n\t\t\t\t\t<div class=\"elementor-widget-wrap\">\n\t\t\t\t<div class=\"elementor-element elementor-element-993ebba elementor-widget elementor-widget-heading\" data-id=\"993ebba\" data-element_type=\"widget\" data-widget_type=\"heading.default\">\n\t\t\t\t<div class=\"elementor-widget-container\">\n\t\t\t<h2 class=\"elementor-heading-title elementor-size-default\">Photo<\/h2>\t\t<\/div>\n\t\t\t\t<\/div>\n\t\t\t\t<div class=\"elementor-element elementor-element-766ca8b elementor-widget elementor-widget-divider\" data-id=\"766ca8b\" data-element_type=\"widget\" data-widget_type=\"divider.default\">\n\t\t\t\t<div class=\"elementor-widget-container\">\n\t\t\t\t\t<div class=\"elementor-divider\">\n\t\t\t<span class=\"elementor-divider-separator\">\n\t\t\t\t\t\t<\/span>\n\t\t<\/div>\n\t\t\t\t<\/div>\n\t\t\t\t<\/div>\n\t\t\t\t<div class=\"elementor-element elementor-element-d612e0d elementor-widget elementor-widget-text-editor\" data-id=\"d612e0d\" data-element_type=\"widget\" data-widget_type=\"text-editor.default\">\n\t\t\t\t<div class=\"elementor-widget-container\">\n\t\t\t\t\t<div class=\"elementor-text-editor elementor-clearfix\"><div id=\"bgLayers_comp-lfy1c6e11\" class=\"MW5IWV\" data-hook=\"bgLayers\"><ul><li id=\"bgMedia_comp-lfy1c6e11\" class=\"VgO9Yg\"><a class=\"wixui-rich-text__text\" href=\"https:\/\/www.facebook.com\/media\/set\/?set=a.2239651309535773&amp;type=3\" target=\"_blank\" rel=\"noreferrer noopener\">Gallery FB 2022 - photo Ji\u0159\u00ed Pol\u00e1k<\/a><\/li><li class=\"VgO9Yg\"><a class=\"wixui-rich-text__text\" href=\"https:\/\/www.facebook.com\/media\/set\/?set=a.2243570355810535&amp;type=3\" target=\"_blank\" rel=\"noreferrer noopener\">Gallery FB 2022 - photo Ji\u0159\u00ed Pol\u00e1k - 6400m<\/a><\/li><li class=\"VgO9Yg\"><a class=\"wixui-rich-text__text\" href=\"https:\/\/www.facebook.com\/media\/set\/?set=a.2243573199143584&amp;type=3\" target=\"_blank\" rel=\"noreferrer noopener\">Gallery FB 2022 - photo Ji\u0159\u00ed Pol\u00e1k - announcement<\/a><\/li><li class=\"VgO9Yg\"><a class=\"wixui-rich-text__text\" href=\"https:\/\/www.facebook.com\/media\/set\/?set=a.2244286945738876&amp;type=3\" target=\"_blank\" rel=\"noreferrer noopener\">Gallery FB 2022 - photo Ji\u0159\u00ed Pol\u00e1k - 1400m<\/a><\/li><li class=\"VgO9Yg\"><a class=\"wixui-rich-text__text\" href=\"https:\/\/www.facebook.com\/media\/set\/?set=a.2241215609379343&amp;type=3\" target=\"_blank\" rel=\"noreferrer noopener\">Gallery FB 2022 - photo Ji\u0159\u00ed Pol\u00e1k - 1000m<\/a><\/li><li class=\"VgO9Yg\"><a class=\"wixui-rich-text__text\" href=\"https:\/\/www.facebook.com\/media\/set\/?set=a.2241177116049859&amp;type=3\" target=\"_blank\" rel=\"noreferrer noopener\">Gallery FB 2022 - photo Ji\u0159\u00ed Pol\u00e1k - 400m Jr. prep<\/a><\/li><li><a class=\"wixui-rich-text__text\" href=\"https:\/\/www.facebook.com\/media\/set\/?set=a.2240434402790797&amp;type=3\" target=\"_blank\" rel=\"noreferrer noopener\">Gallery FB 2022 - photo Ji\u0159\u00ed Pol\u00e1k - 400m junior female<\/a><\/li><li><a class=\"wixui-rich-text__text\" href=\"https:\/\/www.facebook.com\/media\/set\/?set=a.2239677249533179&amp;type=3\" target=\"_blank\" rel=\"noreferrer noopener\">Gallery FB 2022 - photo Ji\u0159\u00ed Pol\u00e1k - 100m<\/a><\/li><li><a class=\"wixui-rich-text__text\" href=\"https:\/\/www.facebook.com\/media\/set\/?vanity=jiri.polak.393&amp;set=a.1961454760688764\" target=\"_blank\" rel=\"noreferrer noopener\">Gallery FB 2021 - photo Ji\u0159\u00ed Pol\u00e1k<\/a><\/li><li><a class=\"wixui-rich-text__text\" href=\"https:\/\/www.facebook.com\/media\/set\/?set=a.4287449994656925&amp;type=3\" target=\"_blank\" rel=\"noreferrer noopener\">Gallery FB 2021 - photo David Kurc (Kolon\u00e1da)<\/a><\/li><li><a class=\"wixui-rich-text__text\" href=\"https:\/\/www.facebook.com\/media\/set\/?vanity=jiri.polak.393&amp;set=a.1961454760688764\" target=\"_blank\" rel=\"noreferrer noopener\">Gallery FB 2020<\/a><\/li><li><a class=\"wixui-rich-text__text\" href=\"https:\/\/www.facebook.com\/zabehejsivlaznich\/photos\/?tab=album&amp;album_id=3278136428921625\" target=\"_blank\" rel=\"noreferrer noopener\">Gallery FB 2020 - announcement<\/a><\/li><li><a class=\"wixui-rich-text__text\" href=\"https:\/\/www.facebook.com\/zabehejsivlaznich\/photos\/?tab=album&amp;album_id=3290310687704199\" target=\"_blank\" rel=\"noreferrer noopener\">Gallery FB 2020 - children<\/a><\/li><li><a class=\"wixui-rich-text__text\" href=\"https:\/\/www.facebook.com\/jiri.polak.393\/media_set?set=a.1323681131132800&amp;type=3\" target=\"_blank\" rel=\"noreferrer noopener\">Gallery FB 2019 children 400m<\/a><\/li><li><a class=\"wixui-rich-text__text\" href=\"http:\/\/sparun.rajce.idnes.cz\/\" target=\"_blank\" rel=\"noreferrer noopener\">Photo gallery on Raj\u010deti<\/a><\/li><li><a class=\"wixui-rich-text__text\" href=\"https:\/\/www.facebook.com\/pg\/zabehejsivlaznich\/photos\/?tab=album&amp;album_id=1075198805882076\" target=\"_blank\" rel=\"noreferrer noopener\">Gallery FB 2016<\/a><\/li><li><a class=\"wixui-rich-text__text\" href=\"https:\/\/www.facebook.com\/pg\/zabehejsivlaznich\/photos\/?tab=album&amp;album_id=876530349082257\" target=\"_blank\" rel=\"noreferrer noopener\">Gallery FB 2015<\/a><\/li><li><a class=\"wixui-rich-text__text\" href=\"https:\/\/www.facebook.com\/pg\/zabehejsivlaznich\/photos\/?tab=album&amp;album_id=523933377675291\" target=\"_blank\" rel=\"noreferrer noopener\">Gallery FB 2013<\/a><\/li><\/ul><\/div><\/div>\n\t\t\t\t<\/div>\n\t\t\t\t<\/div>\n\t\t\t\t<div class=\"elementor-element elementor-element-f725950 elementor-widget elementor-widget-gallery\" data-id=\"f725950\" data-element_type=\"widget\" data-settings=\"{&quot;gallery_layout&quot;:&quot;masonry&quot;,&quot;columns&quot;:5,&quot;lazyload&quot;:&quot;yes&quot;,&quot;columns_tablet&quot;:2,&quot;columns_mobile&quot;:1,&quot;gap&quot;:{&quot;unit&quot;:&quot;px&quot;,&quot;size&quot;:10,&quot;sizes&quot;:[]},&quot;gap_tablet&quot;:{&quot;unit&quot;:&quot;px&quot;,&quot;size&quot;:10,&quot;sizes&quot;:[]},&quot;gap_mobile&quot;:{&quot;unit&quot;:&quot;px&quot;,&quot;size&quot;:10,&quot;sizes&quot;:[]},&quot;link_to&quot;:&quot;file&quot;,&quot;content_hover_animation&quot;:&quot;fade-in&quot;}\" data-widget_type=\"gallery.default\">\n\t\t\t\t<div class=\"elementor-widget-container\">\n\t\t\t\t\t<div class=\"elementor-gallery__container\">\n\t\t\t\t\t\t\t<a class=\"e-gallery-item elementor-gallery-item elementor-animated-content\" href=\"https:\/\/sparun.cz\/wp-content\/uploads\/2024\/01\/36aeb2_81d60519610e44caac940f45da41c098mv2.png\" data-elementor-open-lightbox=\"yes\" data-elementor-lightbox-slideshow=\"all-f725950\" data-elementor-lightbox-title=\"36aeb2_81d60519610e44caac940f45da41c098~mv2\">\n\t\t\t\t\t<div class=\"e-gallery-image elementor-gallery-item__image\" data-thumbnail=\"https:\/\/sparun.cz\/wp-content\/uploads\/2024\/01\/36aeb2_81d60519610e44caac940f45da41c098mv2-300x200.png\" data-width=\"300\" data-height=\"200\" alt=\"\" ><\/div>\n\t\t\t\t\t\t\t\t\t\t\t\t\t\t<\/a>\n\t\t\t\t\t\t\t<a class=\"e-gallery-item elementor-gallery-item elementor-animated-content\" href=\"https:\/\/sparun.cz\/wp-content\/uploads\/2024\/01\/36aeb2_0c5a14277162482ca1164f83e135d857mv2.png\" data-elementor-open-lightbox=\"yes\" data-elementor-lightbox-slideshow=\"all-f725950\" data-elementor-lightbox-title=\"36aeb2_0c5a14277162482ca1164f83e135d857~mv2\">\n\t\t\t\t\t<div class=\"e-gallery-image elementor-gallery-item__image\" data-thumbnail=\"https:\/\/sparun.cz\/wp-content\/uploads\/2024\/01\/36aeb2_0c5a14277162482ca1164f83e135d857mv2-225x300.png\" data-width=\"225\" data-height=\"300\" alt=\"\" ><\/div>\n\t\t\t\t\t\t\t\t\t\t\t\t\t\t<\/a>\n\t\t\t\t\t\t\t<a class=\"e-gallery-item elementor-gallery-item elementor-animated-content\" href=\"https:\/\/sparun.cz\/wp-content\/uploads\/2024\/01\/36aeb2_f97a96e17f684c8295b16ac1b3c316c1mv2.png\" data-elementor-open-lightbox=\"yes\" data-elementor-lightbox-slideshow=\"all-f725950\" data-elementor-lightbox-title=\"36aeb2_f97a96e17f684c8295b16ac1b3c316c1~mv2\">\n\t\t\t\t\t<div class=\"e-gallery-image elementor-gallery-item__image\" data-thumbnail=\"https:\/\/sparun.cz\/wp-content\/uploads\/2024\/01\/36aeb2_f97a96e17f684c8295b16ac1b3c316c1mv2-300x225.png\" data-width=\"300\" data-height=\"225\" alt=\"\" ><\/div>\n\t\t\t\t\t\t\t\t\t\t\t\t\t\t<\/a>\n\t\t\t\t\t\t\t<a class=\"e-gallery-item elementor-gallery-item elementor-animated-content\" href=\"https:\/\/sparun.cz\/wp-content\/uploads\/2024\/01\/36aeb2_3337b05248e84eda9a289dc1fe0ffd93mv2.png\" data-elementor-open-lightbox=\"yes\" data-elementor-lightbox-slideshow=\"all-f725950\" data-elementor-lightbox-title=\"36aeb2_3337b05248e84eda9a289dc1fe0ffd93~mv2\">\n\t\t\t\t\t<div class=\"e-gallery-image elementor-gallery-item__image\" data-thumbnail=\"https:\/\/sparun.cz\/wp-content\/uploads\/2024\/01\/36aeb2_3337b05248e84eda9a289dc1fe0ffd93mv2-225x300.png\" data-width=\"225\" data-height=\"300\" alt=\"\" ><\/div>\n\t\t\t\t\t\t\t\t\t\t\t\t\t\t<\/a>\n\t\t\t\t\t\t\t<a class=\"e-gallery-item elementor-gallery-item elementor-animated-content\" href=\"https:\/\/sparun.cz\/wp-content\/uploads\/2024\/01\/36aeb2_f9e6736fc657436ab8a6d6f335d30073mv2.png\" data-elementor-open-lightbox=\"yes\" data-elementor-lightbox-slideshow=\"all-f725950\" data-elementor-lightbox-title=\"36aeb2_f9e6736fc657436ab8a6d6f335d30073~mv2\">\n\t\t\t\t\t<div class=\"e-gallery-image elementor-gallery-item__image\" data-thumbnail=\"https:\/\/sparun.cz\/wp-content\/uploads\/2024\/01\/36aeb2_f9e6736fc657436ab8a6d6f335d30073mv2-300x225.png\" data-width=\"300\" data-height=\"225\" alt=\"\" ><\/div>\n\t\t\t\t\t\t\t\t\t\t\t\t\t\t<\/a>\n\t\t\t\t\t\t\t<a class=\"e-gallery-item elementor-gallery-item elementor-animated-content\" href=\"https:\/\/sparun.cz\/wp-content\/uploads\/2024\/01\/36aeb2_eaaac24c2dfd43d8b24a5da6cbdbfbb5mv2.png\" data-elementor-open-lightbox=\"yes\" data-elementor-lightbox-slideshow=\"all-f725950\" data-elementor-lightbox-title=\"36aeb2_eaaac24c2dfd43d8b24a5da6cbdbfbb5~mv2\">\n\t\t\t\t\t<div class=\"e-gallery-image elementor-gallery-item__image\" data-thumbnail=\"https:\/\/sparun.cz\/wp-content\/uploads\/2024\/01\/36aeb2_eaaac24c2dfd43d8b24a5da6cbdbfbb5mv2-300x225.png\" data-width=\"300\" data-height=\"225\" alt=\"\" ><\/div>\n\t\t\t\t\t\t\t\t\t\t\t\t\t\t<\/a>\n\t\t\t\t\t\t\t<a class=\"e-gallery-item elementor-gallery-item elementor-animated-content\" href=\"https:\/\/sparun.cz\/wp-content\/uploads\/2024\/01\/36aeb2_e3e39d70c5864f63ba5cec3562555c20mv2.png\" data-elementor-open-lightbox=\"yes\" data-elementor-lightbox-slideshow=\"all-f725950\" data-elementor-lightbox-title=\"36aeb2_e3e39d70c5864f63ba5cec3562555c20~mv2\">\n\t\t\t\t\t<div class=\"e-gallery-image elementor-gallery-item__image\" data-thumbnail=\"https:\/\/sparun.cz\/wp-content\/uploads\/2024\/01\/36aeb2_e3e39d70c5864f63ba5cec3562555c20mv2-300x225.png\" data-width=\"300\" data-height=\"225\" alt=\"\" ><\/div>\n\t\t\t\t\t\t\t\t\t\t\t\t\t\t<\/a>\n\t\t\t\t\t\t\t<a class=\"e-gallery-item elementor-gallery-item elementor-animated-content\" href=\"https:\/\/sparun.cz\/wp-content\/uploads\/2024\/01\/36aeb2_cb40a1d1a17341afa7592f48fe851e67mv2.png\" data-elementor-open-lightbox=\"yes\" data-elementor-lightbox-slideshow=\"all-f725950\" data-elementor-lightbox-title=\"36aeb2_cb40a1d1a17341afa7592f48fe851e67~mv2\">\n\t\t\t\t\t<div class=\"e-gallery-image elementor-gallery-item__image\" data-thumbnail=\"https:\/\/sparun.cz\/wp-content\/uploads\/2024\/01\/36aeb2_cb40a1d1a17341afa7592f48fe851e67mv2-225x300.png\" data-width=\"225\" data-height=\"300\" alt=\"\" ><\/div>\n\t\t\t\t\t\t\t\t\t\t\t\t\t\t<\/a>\n\t\t\t\t\t\t\t<a class=\"e-gallery-item elementor-gallery-item elementor-animated-content\" href=\"https:\/\/sparun.cz\/wp-content\/uploads\/2024\/01\/36aeb2_c016a7223b734e28af1c3c9f8f037486mv2_d_2048_1536_s_2.png\" data-elementor-open-lightbox=\"yes\" data-elementor-lightbox-slideshow=\"all-f725950\" data-elementor-lightbox-title=\"36aeb2_c016a7223b734e28af1c3c9f8f037486~mv2_d_2048_1536_s_2\">\n\t\t\t\t\t<div class=\"e-gallery-image elementor-gallery-item__image\" data-thumbnail=\"https:\/\/sparun.cz\/wp-content\/uploads\/2024\/01\/36aeb2_c016a7223b734e28af1c3c9f8f037486mv2_d_2048_1536_s_2-300x225.png\" data-width=\"300\" data-height=\"225\" alt=\"\" ><\/div>\n\t\t\t\t\t\t\t\t\t\t\t\t\t\t<\/a>\n\t\t\t\t\t\t\t<a class=\"e-gallery-item elementor-gallery-item elementor-animated-content\" href=\"https:\/\/sparun.cz\/wp-content\/uploads\/2024\/01\/36aeb2_b45874691c684d9c9eaaedadb22d4f3fmv2.png\" data-elementor-open-lightbox=\"yes\" data-elementor-lightbox-slideshow=\"all-f725950\" data-elementor-lightbox-title=\"36aeb2_b45874691c684d9c9eaaedadb22d4f3f~mv2\">\n\t\t\t\t\t<div class=\"e-gallery-image elementor-gallery-item__image\" data-thumbnail=\"https:\/\/sparun.cz\/wp-content\/uploads\/2024\/01\/36aeb2_b45874691c684d9c9eaaedadb22d4f3fmv2-225x300.png\" data-width=\"225\" data-height=\"300\" alt=\"\" ><\/div>\n\t\t\t\t\t\t\t\t\t\t\t\t\t\t<\/a>\n\t\t\t\t\t\t\t<a class=\"e-gallery-item elementor-gallery-item elementor-animated-content\" href=\"https:\/\/sparun.cz\/wp-content\/uploads\/2024\/01\/36aeb2_ae39e06460d84adeba401621d4b55b18mv2.png\" data-elementor-open-lightbox=\"yes\" data-elementor-lightbox-slideshow=\"all-f725950\" data-elementor-lightbox-title=\"36aeb2_ae39e06460d84adeba401621d4b55b18~mv2\">\n\t\t\t\t\t<div class=\"e-gallery-image elementor-gallery-item__image\" data-thumbnail=\"https:\/\/sparun.cz\/wp-content\/uploads\/2024\/01\/36aeb2_ae39e06460d84adeba401621d4b55b18mv2-300x225.png\" data-width=\"300\" data-height=\"225\" alt=\"\" ><\/div>\n\t\t\t\t\t\t\t\t\t\t\t\t\t\t<\/a>\n\t\t\t\t\t\t\t<a class=\"e-gallery-item elementor-gallery-item elementor-animated-content\" href=\"https:\/\/sparun.cz\/wp-content\/uploads\/2024\/01\/36aeb2_8373967501c341f1a509b39a4a8b9a1dmv2.png\" data-elementor-open-lightbox=\"yes\" data-elementor-lightbox-slideshow=\"all-f725950\" data-elementor-lightbox-title=\"36aeb2_8373967501c341f1a509b39a4a8b9a1d~mv2\">\n\t\t\t\t\t<div class=\"e-gallery-image elementor-gallery-item__image\" data-thumbnail=\"https:\/\/sparun.cz\/wp-content\/uploads\/2024\/01\/36aeb2_8373967501c341f1a509b39a4a8b9a1dmv2-300x300.png\" data-width=\"300\" data-height=\"300\" alt=\"\" ><\/div>\n\t\t\t\t\t\t\t\t\t\t\t\t\t\t<\/a>\n\t\t\t\t\t\t\t<a class=\"e-gallery-item elementor-gallery-item elementor-animated-content\" href=\"https:\/\/sparun.cz\/wp-content\/uploads\/2024\/01\/36aeb2_676138dc278d435691063506058fb70fmv2.png\" data-elementor-open-lightbox=\"yes\" data-elementor-lightbox-slideshow=\"all-f725950\" data-elementor-lightbox-title=\"36aeb2_676138dc278d435691063506058fb70f~mv2\">\n\t\t\t\t\t<div class=\"e-gallery-image elementor-gallery-item__image\" data-thumbnail=\"https:\/\/sparun.cz\/wp-content\/uploads\/2024\/01\/36aeb2_676138dc278d435691063506058fb70fmv2-300x225.png\" data-width=\"300\" data-height=\"225\" alt=\"\" ><\/div>\n\t\t\t\t\t\t\t\t\t\t\t\t\t\t<\/a>\n\t\t\t\t\t\t\t<a class=\"e-gallery-item elementor-gallery-item elementor-animated-content\" href=\"https:\/\/sparun.cz\/wp-content\/uploads\/2024\/01\/36aeb2_5195e0916def41c0b58f49e60a9eec4fmv2.png\" data-elementor-open-lightbox=\"yes\" data-elementor-lightbox-slideshow=\"all-f725950\" data-elementor-lightbox-title=\"36aeb2_5195e0916def41c0b58f49e60a9eec4f~mv2\">\n\t\t\t\t\t<div class=\"e-gallery-image elementor-gallery-item__image\" data-thumbnail=\"https:\/\/sparun.cz\/wp-content\/uploads\/2024\/01\/36aeb2_5195e0916def41c0b58f49e60a9eec4fmv2-225x300.png\" data-width=\"225\" data-height=\"300\" alt=\"\" ><\/div>\n\t\t\t\t\t\t\t\t\t\t\t\t\t\t<\/a>\n\t\t\t\t\t\t\t<a class=\"e-gallery-item elementor-gallery-item elementor-animated-content\" href=\"https:\/\/sparun.cz\/wp-content\/uploads\/2024\/01\/36aeb2_95c24440fc0349abb7ea86470e499fe1mv2_d_2048_1536_s_2.png\" data-elementor-open-lightbox=\"yes\" data-elementor-lightbox-slideshow=\"all-f725950\" data-elementor-lightbox-title=\"36aeb2_95c24440fc0349abb7ea86470e499fe1~mv2_d_2048_1536_s_2\">\n\t\t\t\t\t<div class=\"e-gallery-image elementor-gallery-item__image\" data-thumbnail=\"https:\/\/sparun.cz\/wp-content\/uploads\/2024\/01\/36aeb2_95c24440fc0349abb7ea86470e499fe1mv2_d_2048_1536_s_2-300x225.png\" data-width=\"300\" data-height=\"225\" alt=\"\" ><\/div>\n\t\t\t\t\t\t\t\t\t\t\t\t\t\t<\/a>\n\t\t\t\t\t\t\t<a class=\"e-gallery-item elementor-gallery-item elementor-animated-content\" href=\"https:\/\/sparun.cz\/wp-content\/uploads\/2024\/01\/36aeb2_68fc8a547cd84c5eaa8fe966b29e854emv2_d_2048_1535_s_2.png\" data-elementor-open-lightbox=\"yes\" data-elementor-lightbox-slideshow=\"all-f725950\" data-elementor-lightbox-title=\"36aeb2_68fc8a547cd84c5eaa8fe966b29e854e~mv2_d_2048_1535_s_2\">\n\t\t\t\t\t<div class=\"e-gallery-image elementor-gallery-item__image\" data-thumbnail=\"https:\/\/sparun.cz\/wp-content\/uploads\/2024\/01\/36aeb2_68fc8a547cd84c5eaa8fe966b29e854emv2_d_2048_1535_s_2-300x225.png\" data-width=\"300\" data-height=\"225\" alt=\"\" ><\/div>\n\t\t\t\t\t\t\t\t\t\t\t\t\t\t<\/a>\n\t\t\t\t\t\t\t<a class=\"e-gallery-item elementor-gallery-item elementor-animated-content\" href=\"https:\/\/sparun.cz\/wp-content\/uploads\/2024\/01\/36aeb2_68a3cc12c74343f1b9615fb501a7092fmv2.png\" data-elementor-open-lightbox=\"yes\" data-elementor-lightbox-slideshow=\"all-f725950\" data-elementor-lightbox-title=\"36aeb2_68a3cc12c74343f1b9615fb501a7092f~mv2\">\n\t\t\t\t\t<div class=\"e-gallery-image elementor-gallery-item__image\" data-thumbnail=\"https:\/\/sparun.cz\/wp-content\/uploads\/2024\/01\/36aeb2_68a3cc12c74343f1b9615fb501a7092fmv2-224x300.png\" data-width=\"224\" data-height=\"300\" alt=\"\" ><\/div>\n\t\t\t\t\t\t\t\t\t\t\t\t\t\t<\/a>\n\t\t\t\t\t\t\t<a class=\"e-gallery-item elementor-gallery-item elementor-animated-content\" href=\"https:\/\/sparun.cz\/wp-content\/uploads\/2024\/01\/36aeb2_7f31183410e74341a0e73f067b9daeccmv2.png\" data-elementor-open-lightbox=\"yes\" data-elementor-lightbox-slideshow=\"all-f725950\" data-elementor-lightbox-title=\"36aeb2_7f31183410e74341a0e73f067b9daecc~mv2\">\n\t\t\t\t\t<div class=\"e-gallery-image elementor-gallery-item__image\" data-thumbnail=\"https:\/\/sparun.cz\/wp-content\/uploads\/2024\/01\/36aeb2_7f31183410e74341a0e73f067b9daeccmv2-300x225.png\" data-width=\"300\" data-height=\"225\" alt=\"\" ><\/div>\n\t\t\t\t\t\t\t\t\t\t\t\t\t\t<\/a>\n\t\t\t\t\t\t\t<a class=\"e-gallery-item elementor-gallery-item elementor-animated-content\" href=\"https:\/\/sparun.cz\/wp-content\/uploads\/2024\/01\/36aeb2_4a2619419fc44f77967a646ac371ce2emv2.png\" data-elementor-open-lightbox=\"yes\" data-elementor-lightbox-slideshow=\"all-f725950\" data-elementor-lightbox-title=\"36aeb2_4a2619419fc44f77967a646ac371ce2e~mv2\">\n\t\t\t\t\t<div class=\"e-gallery-image elementor-gallery-item__image\" data-thumbnail=\"https:\/\/sparun.cz\/wp-content\/uploads\/2024\/01\/36aeb2_4a2619419fc44f77967a646ac371ce2emv2-225x300.png\" data-width=\"225\" data-height=\"300\" alt=\"\" ><\/div>\n\t\t\t\t\t\t\t\t\t\t\t\t\t\t<\/a>\n\t\t\t\t\t\t\t<a class=\"e-gallery-item elementor-gallery-item elementor-animated-content\" href=\"https:\/\/sparun.cz\/wp-content\/uploads\/2024\/01\/36aeb2_4a3b832592884e6e9e2b0031528897camv2.png\" data-elementor-open-lightbox=\"yes\" data-elementor-lightbox-slideshow=\"all-f725950\" data-elementor-lightbox-title=\"36aeb2_4a3b832592884e6e9e2b0031528897ca~mv2\">\n\t\t\t\t\t<div class=\"e-gallery-image elementor-gallery-item__image\" data-thumbnail=\"https:\/\/sparun.cz\/wp-content\/uploads\/2024\/01\/36aeb2_4a3b832592884e6e9e2b0031528897camv2-300x225.png\" data-width=\"300\" data-height=\"225\" alt=\"\" ><\/div>\n\t\t\t\t\t\t\t\t\t\t\t\t\t\t<\/a>\n\t\t\t\t\t\t\t<a class=\"e-gallery-item elementor-gallery-item elementor-animated-content\" href=\"https:\/\/sparun.cz\/wp-content\/uploads\/2024\/01\/36aeb2_01f79e36d1a648aeaa8b246a43223395mv2.png\" data-elementor-open-lightbox=\"yes\" data-elementor-lightbox-slideshow=\"all-f725950\" data-elementor-lightbox-title=\"36aeb2_01f79e36d1a648aeaa8b246a43223395~mv2\">\n\t\t\t\t\t<div class=\"e-gallery-image elementor-gallery-item__image\" data-thumbnail=\"https:\/\/sparun.cz\/wp-content\/uploads\/2024\/01\/36aeb2_01f79e36d1a648aeaa8b246a43223395mv2-225x300.png\" data-width=\"225\" data-height=\"300\" alt=\"\" ><\/div>\n\t\t\t\t\t\t\t\t\t\t\t\t\t\t<\/a>\n\t\t\t\t\t\t\t<a class=\"e-gallery-item elementor-gallery-item elementor-animated-content\" href=\"https:\/\/sparun.cz\/wp-content\/uploads\/2024\/01\/36aeb2_b8bdb8b562fe4b4d913c33cd8b6cd74dmv2.png\" data-elementor-open-lightbox=\"yes\" data-elementor-lightbox-slideshow=\"all-f725950\" data-elementor-lightbox-title=\"36aeb2_b8bdb8b562fe4b4d913c33cd8b6cd74d~mv2\">\n\t\t\t\t\t<div class=\"e-gallery-image elementor-gallery-item__image\" data-thumbnail=\"https:\/\/sparun.cz\/wp-content\/uploads\/2024\/01\/36aeb2_b8bdb8b562fe4b4d913c33cd8b6cd74dmv2-300x225.png\" data-width=\"300\" data-height=\"225\" alt=\"\" ><\/div>\n\t\t\t\t\t\t\t\t\t\t\t\t\t\t<\/a>\n\t\t\t\t\t<\/div>\n\t\t\t<\/div>\n\t\t\t\t<\/div>\n\t\t\t\t\t\t<\/div>\n\t\t\t<\/div>\n\t\t<\/div>\n\t\t\t\t\t\t<\/div>\n\t\t\t<\/div>\n\t\t<\/section>\n\t\t\t\t\t\t<\/div>\n\t\t\t<\/div>\n\t\t<\/div>","protected":false},"excerpt":{"rendered":"<p>Photo Gallery FB 2022 - photo Ji\u0159\u00ed Pol\u00e1k Gallery FB 2022 - photo Ji\u0159\u00ed Pol\u00e1k - 6400m Gallery FB 2022 - photo Ji\u0159\u00ed Pol\u00e1k - announcement Gallery FB 2022 - photo Ji\u0159\u00ed Pol\u00e1k - 1400m Gallery FB 2022 - photo Ji\u0159\u00ed Pol\u00e1k - 1000m Gallery FB 2022 - photo Ji\u0159\u00ed Pol\u00e1k - 400m junior [...]<\/p>","protected":false},"author":2,"featured_media":0,"parent":0,"menu_order":0,"comment_status":"closed","ping_status":"closed","template":"","meta":{"footnotes":""},"_links":{"self":[{"href":"https:\/\/sparun.cz\/en\/wp-json\/wp\/v2\/pages\/4372"}],"collection":[{"href":"https:\/\/sparun.cz\/en\/wp-json\/wp\/v2\/pages"}],"about":[{"href":"https:\/\/sparun.cz\/en\/wp-json\/wp\/v2\/types\/page"}],"author":[{"embeddable":true,"href":"https:\/\/sparun.cz\/en\/wp-json\/wp\/v2\/users\/2"}],"replies":[{"embeddable":true,"href":"https:\/\/sparun.cz\/en\/wp-json\/wp\/v2\/comments?post=4372"}],"version-history":[{"count":9,"href":"https:\/\/sparun.cz\/en\/wp-json\/wp\/v2\/pages\/4372\/revisions"}],"predecessor-version":[{"id":4433,"href":"https:\/\/sparun.cz\/en\/wp-json\/wp\/v2\/pages\/4372\/revisions\/4433"}],"wp:attachment":[{"href":"https:\/\/sparun.cz\/en\/wp-json\/wp\/v2\/media?parent=4372"}],"curies":[{"name":"wp","href":"https:\/\/api.w.org\/{rel}","templated":true}]}}