{"id":4498,"date":"2024-02-14T08:24:33","date_gmt":"2024-02-14T07:24:33","guid":{"rendered":"https:\/\/sparun.cz\/?page_id=4498"},"modified":"2024-06-28T13:20:27","modified_gmt":"2024-06-28T11:20:27","slug":"ovl-cup","status":"publish","type":"page","link":"https:\/\/sparun.cz\/en\/ovl-cup\/","title":{"rendered":"OVL CUP"},"content":{"rendered":"<div data-elementor-type=\"wp-page\" data-elementor-id=\"4498\" class=\"elementor elementor-4498\" data-elementor-settings=\"[]\">\n\t\t\t<div class=\"elementor-inner\">\n\t\t\t\t<div class=\"elementor-section-wrap\">\n\t\t\t\t\t\t\t<section data-particle_enable=\"false\" class=\"elementor-element elementor-element-f9ee52d elementor-section-boxed elementor-section-height-default elementor-section-height-default elementor-section elementor-top-section\" data-id=\"f9ee52d\" data-element_type=\"section\" data-settings=\"{&quot;background_background&quot;:&quot;classic&quot;}\">\n\t\t\t\t\t\t\t<div class=\"elementor-background-overlay\"><\/div>\n\t\t\t\t\t\t\t<div class=\"elementor-container elementor-column-gap-no\">\n\t\t\t\t<div class=\"elementor-row\">\n\t\t\t\t<div class=\"elementor-element elementor-element-abc0e82 elementor-column elementor-col-100 elementor-top-column\" data-id=\"abc0e82\" data-element_type=\"column\">\n\t\t\t<div class=\"elementor-column-wrap  elementor-element-populated\">\n\t\t\t\t\t<div class=\"elementor-widget-wrap\">\n\t\t\t\t<div class=\"elementor-element elementor-element-993ebba elementor-widget elementor-widget-heading\" data-id=\"993ebba\" data-element_type=\"widget\" data-widget_type=\"heading.default\">\n\t\t\t\t<div class=\"elementor-widget-container\">\n\t\t\t<h2 class=\"elementor-heading-title elementor-size-default\">OVL CUP 2024\n<\/h2>\t\t<\/div>\n\t\t\t\t<\/div>\n\t\t\t\t<div class=\"elementor-element elementor-element-766ca8b elementor-widget elementor-widget-divider\" data-id=\"766ca8b\" data-element_type=\"widget\" data-widget_type=\"divider.default\">\n\t\t\t\t<div class=\"elementor-widget-container\">\n\t\t\t\t\t<div class=\"elementor-divider\">\n\t\t\t<span class=\"elementor-divider-separator\">\n\t\t\t\t\t\t<\/span>\n\t\t<\/div>\n\t\t\t\t<\/div>\n\t\t\t\t<\/div>\n\t\t\t\t<div class=\"elementor-element elementor-element-d612e0d elementor-widget elementor-widget-text-editor\" data-id=\"d612e0d\" data-element_type=\"widget\" data-widget_type=\"text-editor.default\">\n\t\t\t\t<div class=\"elementor-widget-container\">\n\t\t\t\t\t<div class=\"elementor-text-editor elementor-clearfix\"><p class=\"font_4 wixui-rich-text__text\"><span class=\"wixui-rich-text__text\"><span class=\"color_19 wixui-rich-text__text\">The OVL Cup, fully known as the Oberf\u00e4lzer Volkslauf Cup, is a series of races held since 1993. It originally included 6 races in the Upper Palatinate region of Bavaria, Germany.<\/span><\/span><br class=\"wixui-rich-text__text\" \/>\u00a0<br class=\"wixui-rich-text__text\" \/><span class=\"wixui-rich-text__text\"><span class=\"color_19 wixui-rich-text__text\">Runners in individual races collect points for placing, which will ensure their ranking in the overall cup. The overall cup winner for each age category is then announced at the final event.<\/span><\/span><br class=\"wixui-rich-text__text\" \/><br class=\"wixui-rich-text__text\" \/><span class=\"wixui-rich-text__text\"><span class=\"color_19 wixui-rich-text__text\">Since 2019, the SpaRun in Mari\u00e1nsk\u00e9 L\u00e1zn\u011b is also part of the Cup. After a 2-year hiatus due to Covid-19, the Cup resumed in 2022.<\/span><\/span><br class=\"wixui-rich-text__text\" \/><span class=\"wixui-rich-text__text\"><span class=\"color_19 wixui-rich-text__text\">More information can be found on the Cup's official website\u00a0<a class=\"wixui-rich-text__text\" href=\"https:\/\/www.ovlcup.de\/\" target=\"_blank\" rel=\"noreferrer noopener\">www.ovlcup.de<\/a>.<\/span><\/span><br class=\"wixui-rich-text__text\" \/>\u00a0<br class=\"wixui-rich-text__text\" \/><span class=\"wixui-rich-text__text\"><span class=\"color_19 wixui-rich-text__text\">Cup Rules\u00a0<a class=\"wixui-rich-text__text\" href=\"https:\/\/60cbfb15-3366-4bc4-bb7b-2da73a6a2abd.filesusr.com\/ugd\/36aeb2_c77119632fa440c7ab2be9054cc03017.pdf\" target=\"_blank\" rel=\"noopener\">HERE<\/a><\/span><\/span><br class=\"wixui-rich-text__text\" \/><a href=\"https:\/\/sparun.cz\/wp-content\/uploads\/2024\/06\/OVL2024.pdf\" target=\"_blank\" rel=\"noopener\"><span class=\"wixui-rich-text__text\"><span class=\"color_19 wixui-rich-text__text\">OVL-Cup brochure<\/span><\/span><\/a><br class=\"wixui-rich-text__text\" \/><span class=\"wixui-rich-text__text\">\u200b<\/span><br class=\"wixui-rich-text__text\" \/>Wernberg -19.4.<br \/>Flossennb\u00fcrg - 1.5.<br \/>Friedenfels - 10.5.<br \/>Pleystein - 8.6.<br \/>Mitterteich - 15.6.<br \/>Sch\u00f6nsee - 29.6.<br \/>Gleiritsch - 7.7.<br \/>Marianske Lazne - 13.7.<br \/>Pl\u00f6\u00dfberg - 20.7.<\/p><\/div>\n\t\t\t\t<\/div>\n\t\t\t\t<\/div>\n\t\t\t\t\t\t<\/div>\n\t\t\t<\/div>\n\t\t<\/div>\n\t\t\t\t\t\t<\/div>\n\t\t\t<\/div>\n\t\t<\/section>\n\t\t\t\t\t\t<\/div>\n\t\t\t<\/div>\n\t\t<\/div>","protected":false},"excerpt":{"rendered":"<p>OVL CUP 2024 OVL Cup, the full name of the Oberf\u00e4lzer Volkslauf Cup, is a series of races that has been held since 1993. It originally included 6 races in the Upper Palatinate region of Bavaria, Germany. Runners in each race collect points for their placings, which secure them a ranking in the overall cup. It is then announced at the final event for [...]<\/p>","protected":false},"author":2,"featured_media":0,"parent":0,"menu_order":0,"comment_status":"closed","ping_status":"closed","template":"","meta":{"footnotes":""},"_links":{"self":[{"href":"https:\/\/sparun.cz\/en\/wp-json\/wp\/v2\/pages\/4498"}],"collection":[{"href":"https:\/\/sparun.cz\/en\/wp-json\/wp\/v2\/pages"}],"about":[{"href":"https:\/\/sparun.cz\/en\/wp-json\/wp\/v2\/types\/page"}],"author":[{"embeddable":true,"href":"https:\/\/sparun.cz\/en\/wp-json\/wp\/v2\/users\/2"}],"replies":[{"embeddable":true,"href":"https:\/\/sparun.cz\/en\/wp-json\/wp\/v2\/comments?post=4498"}],"version-history":[{"count":5,"href":"https:\/\/sparun.cz\/en\/wp-json\/wp\/v2\/pages\/4498\/revisions"}],"predecessor-version":[{"id":4507,"href":"https:\/\/sparun.cz\/en\/wp-json\/wp\/v2\/pages\/4498\/revisions\/4507"}],"wp:attachment":[{"href":"https:\/\/sparun.cz\/en\/wp-json\/wp\/v2\/media?parent=4498"}],"curies":[{"name":"wp","href":"https:\/\/api.w.org\/{rel}","templated":true}]}}